  {"id":1981,"date":"2020-12-11T16:02:13","date_gmt":"2020-12-11T15:02:13","guid":{"rendered":"https:\/\/www.gironi.it\/blog\/?page_id=1981"},"modified":"2026-05-06T15:54:38","modified_gmt":"2026-05-06T14:54:38","slug":"statistica-e-seo","status":"publish","type":"page","link":"https:\/\/www.gironi.it\/blog\/statistica-e-seo\/","title":{"rendered":"Statistica e SEO"},"content":{"rendered":"\n<p>Nel corso del tempo, ho deciso di scrivere una serie di post che spero possano servire da introduzione ai principali temi &#8220;di base&#8221; nel campo della statistica descrittiva e dell&#8217;analisi delle serie storiche. Li raggruppo qui in modo che possano costituire un percorso, un modo per intraprendere un cammino che spero stimolante.<\/p>\n\n\n\n<h2 class=\"wp-block-heading\">Statistica e SEO. Gli argomenti<\/h2>\n\n\n\n<p><a href=\"https:\/\/www.gironi.it\/blog\/un-breve-manifesto-personale-per-lattivita-seo\/\" class=\"rank-math-link\"><strong>Introduzione: Un breve manifesto (personale) per l&#8217;attivit\u00e0 SEO<\/strong><\/a><\/p>\n\n\n\n<p><strong>1.<\/strong> <a href=\"https:\/\/www.gironi.it\/blog\/i-dati-scale-di-misura\/\" class=\"rank-math-link\"><strong>I dati: scale di misura<\/strong><\/a><br><br>Dati quantitativi e qualitativi | I 4 livelli di misura | La scala nominale | Misure di tipo ordinale | La scala a intervalli equivalenti | La scala a rapporti equivalenti | Livello di complessit\u00e0 dei tipi di misurazione<\/p>\n\n\n\n<p><strong>2. <a href=\"https:\/\/www.gironi.it\/blog\/statistica-descrittiva-misure-di-posizione\/\" class=\"rank-math-link\">Statistica descrittiva: misure di posizione e tendenza centrale.<\/a><\/strong><\/p>\n\n\n\n<p>Le misure di tendenza centrale | La media aritmetica | La media di dati raggruppati | La media ponderata | La media geometrica | La media armonica  | La media troncata | La mediana | La mediana di dati raggruppati | La moda | Moda di dati raggruppati | Relazione tra media, mediana e moda | Quartili, decili e percentili | Quartili, decili e percentili di dati raggruppati | Uno sguardo d&#8217;insieme: gli utilissimi 5 numeri | Aiutiamoci con un grafico furbo: il box-plot.<\/p>\n\n\n\n<p><strong>3. <a class=\"rank-math-link\" href=\"https:\/\/www.gironi.it\/blog\/statistica-descrittiva-misure-di-dispersione-o-variabilita\/\">Statistica descrittiva: misure di dispersione (o variabilit\u00e0)<\/a><\/strong><br>Il campo di variabilit\u00e0 (o gamma) | Lo scarto medio | La varianza | Lo scarto quadratico medio (o deviazione standard) | Il coefficiente di variazione | La forma di una distribuzione | La curtosi.<\/p>\n\n\n\n<p><strong>4<\/strong>.<strong> <a href=\"https:\/\/www.gironi.it\/blog\/probabilita-permutazioni-e-combinazioni\/\" data-type=\"post\" data-id=\"2731\">I primi passi nel mondo della probabilit\u00e0: spazio campionario, eventi, permutazioni e combinazioni<\/a><\/strong><br>La Probabilit\u00e0 | Il principio di additivit\u00e0 delle probabilit\u00e0 per eventi incompatibili | Il principio di moltiplicazione delle probabilit\u00e0 | La Permutazione | Il concetto di Combinazione | La distribuzione binomiale come esempio di applicazione della probabilit\u00e0 e della combinatoria<\/p>\n\n\n\n<p><strong>5. <a class=\"rank-math-link\" href=\"https:\/\/www.gironi.it\/blog\/distribuzioni-di-probabilita-distribuzioni-discrete-la-binomiale\/\">Distribuzioni di probabilit\u00e0: distribuzioni discrete \u2013 La Binomiale<\/a><\/strong><br>Variabili discrete e variabili continue | Distribuzioni discrete | Distribuzioni continue | Evento s\u00ec o evento no? La variabile casuale di Bernoulli | La distribuzione binomiale | Il coefficiente binomiale con la Casio | Il coefficiente binomiale con la ti-83 | Media, valore atteso, varianza di una distribuzione binomiale | Senza reintroduzione? La distribuzione ipergeometrica.<\/p>\n\n\n\n<p>6. <a href=\"https:\/\/www.gironi.it\/blog\/la-distribuzione-beta-spiegata-semplice\/\" data-type=\"post\" data-id=\"2429\"><strong>La distribuzione beta<\/strong><\/a><br>Una distribuzione di probabilit\u00e0 importante nella statistica bayesiana | Un esempio pratico, usando R<\/p>\n\n\n\n<p><strong>7. <a class=\"rank-math-link\" href=\"https:\/\/www.gironi.it\/blog\/la-distribuzione-geometrica\/\">La distribuzione geometrica<\/a><\/strong><br>Quanti tentativi per avere un primo risultato positivo? | E&#8217; giunto il momento degli esempi | Usiamo R o la TI 83 | In R.<\/p>\n\n\n\n<p><strong>8. <a href=\"https:\/\/www.gironi.it\/blog\/la-distribuzione-ipergeometrica\/\" data-type=\"post\" data-id=\"2933\">La distribuzione ipergeometrica<\/a><\/strong><br>Partiamo dalla formula | La distribuzione ipergeometrica spiegata con esempi | Pu\u00f2 mancare un esempio con urna e palline? | Per approfondire il tema della distribuzione ipergeometrica<\/p>\n\n\n\n<p><strong>9. <a href=\"https:\/\/www.gironi.it\/blog\/la-distribuzione-binomiale-negativa\/\" data-type=\"URL\" data-id=\"https:\/\/www.gironi.it\/blog\/la-distribuzione-binomiale-negativa\/\" target=\"_blank\" rel=\"noreferrer noopener\">La distribuzione binomiale negativa (o distribuzione di Pascal)<\/a><\/strong><br>Definiamo la distribuzione binomiale negativa (o di Pascal) | Esempi di utilizzo della distribuzione binomiale negativa | Differenze tra la distribuzione geometrica e quella di Pascal<\/p>\n\n\n\n<p><strong>10. <a class=\"rank-math-link\" href=\"https:\/\/www.gironi.it\/blog\/la-distribuzione-di-poisson\/\">La distribuzione di Poisson<\/a><\/strong><br>Lambda: il tasso medio di eventi che si verificano in un determinato intervallo di tempo o spazio | Una breve nota a margine: Poisson e Binomiale |  Ma allora quali sono le differenze tra la distribuzione di Poisson e quella binomiale? | La distribuzione di Poisson in pratica: un esempio | La distribuzione di Poisson applicata alla seo: vantaggi e controindicazioni | Cenni su modelli alternativi per l&#8217;analisi del traffico del sito web | Un altro esempio: usare la Poisson per stime di probabilit\u00e0 sui clic di un sito web<\/p>\n\n\n\n<p><strong>11. <a class=\"rank-math-link\" href=\"https:\/\/www.gironi.it\/blog\/la-distribuzione-normale\/\">La distribuzione normale<\/a><\/strong><br>Visualizzare la \u201cnormalit\u00e0\u201d dei nostri dati | Trasformare i dati | La regola empirica | Standardizzare \u00e8 bello (e utile\u2026) | E ora la parte divertente: gli esempi! | La diseguaglianza di Chebyshev<br> <\/p>\n\n\n\n<p><strong>12. <a href=\"https:\/\/www.gironi.it\/blog\/teorema-del-limite-centrale\/\">Il Teorema del Limite Centrale: perch\u00e9 la statistica funziona (anche quando i dati non sono normali)<\/a><\/strong><br>Cos&#8217;\u00e8 il Teorema del Limite Centrale | Perch\u00e9 \u00e8 cos\u00ec importante | Una simulazione in R | La regola pratica: quanto deve essere grande n? | Il TLC e l&#8217;errore standard | Un esempio pratico: il traffico organico giornaliero | Quando il TLC non basta<\/p>\n\n\n\n<p><strong>13. <a class=\"rank-math-link\" href=\"https:\/\/www.gironi.it\/blog\/il-test-delle-ipotesi\/\">Il test delle ipotesi<\/a><\/strong><br>Ipotesi statistiche | Errori di I e II tipo | Una o due code? Questo \u00e8 il problema\u2026 | Stabilisco l&#8217;ipotesi nulla e l&#8217;ipotesi alternativa |  Fisso il livello di significativit\u00e0 (alpha level) | Scelgo la distribuzione e Raccolgo e analizzo i dati | Traggo le conclusioni | Semplificarsi la vita: scrivo una funzione in R | Uso una TI-83 | Con la Casio | La probabilit\u00e0 di un errore della seconda specie | Potenza? Ma non era una citt\u00e0? | Determinare la dimensione che il campione deve avere per il test della media | E se non conosco i dati della popolazione?<\/p>\n\n\n\n<p><strong>14. <a class=\"rank-math-link\" href=\"https:\/\/www.gironi.it\/blog\/la-distribuzione-t-e-il-test-delle-ipotesi\/\">La distribuzione t e il test delle ipotesi<\/a> <\/strong><br>Una breve digressione storica | Un esempio vale mille spiegazioni | Un&#8217;alternativa alle regioni critiche: guardare al valore p | Con la ti-83 | Calcolare il p-value con la Casio | Stima, margine di errore e intervallo di confidenza: controlliamo il risultato del test delle ipotesi | L&#8217;intervallo di confidenza con la TI-83 | L&#8217;intervallo di confidenza con la Casio | Il t-test, il calcolo del p-value e l&#8217;intervallo di confidenza con R.<\/p>\n\n\n\n<p><strong>15. <a class=\"rank-math-link\" href=\"https:\/\/www.gironi.it\/blog\/il-t-test-per-due-campioni-testare-una-ipotesi-per-campioni-dipendenti-o-indipendenti\/\">Il t test per due campioni. Come testare una ipotesi per campioni dipendenti o indipendenti<\/a><\/strong><br>Il test delle ipotesi per campioni indipendenti | T-test per dati appaiati: il test delle ipotesi per campioni dipendenti | E&#8217; arrivato il momento di un esempio<br><\/p>\n\n\n\n<p><strong>16.<\/strong> Cosa sono gli <strong><a href=\"https:\/\/www.gironi.it\/blog\/intervalli-di-confidenza\/\" data-type=\"post\" data-id=\"3366\">intervalli di confidenza<\/a><\/strong>, come si calcolano per medie e proporzioni, e qual \u00e8 il malinteso pi\u00f9 comune. Esempi pratici con dati SEO e codice R.<\/p>\n\n\n\n<p><strong>17. <a href=\"https:\/\/www.gironi.it\/blog\/campionamento-e-dimensione-campionaria-quanti-dati-servono\/\">Campionamento e dimensione campionaria: quanti dati servono?<\/a><\/strong><br>I tipi di campionamento (casuale, stratificato, sistematico) | La dimensione campionaria: la matematica dietro la stima | Calcolo in R e Python | Dalla stima all&#8217;A\/B Testing | Errore campionario vs Bias<\/p>\n\n\n\n<p><strong>18. <a href=\"https:\/\/www.gironi.it\/blog\/ab-testing\/\">A\/B Testing: come condurre esperimenti statisticamente validi (e gli errori da evitare)<\/a><\/strong><br>Cos&#8217;\u00e8 un A\/B test | Formulare correttamente un A\/B test: z-test per due proporzioni | Esempio pratico: conversion rate di due landing page con prop.test() | Gli errori pi\u00f9 comuni: peeking, comparazioni multiple, potenza del test, significativit\u00e0 statistica vs pratica | Approccio frequentista vs bayesiano con distribuzione Beta | Esempio pratico SEO: meta description A\/B test<\/p>\n\n\n\n<p><strong>19. <a href=\"https:\/\/www.gironi.it\/blog\/statistica-bayesiana\/\">Statistica bayesiana: come imparare dai dati, un passo alla volta<\/a><\/strong><br>Due modi di pensare l&#8217;incertezza: frequentisti e bayesiani | Il Teorema di Bayes: derivazione e componenti (prior, likelihood, posterior, evidence) | Esempio numerico completo in R: tasso di click di una campagna ads | L&#8217;aggiornamento sequenziale: il posterior di oggi \u00e8 il prior di domani | Prior informativi e non informativi | Credible interval vs confidence interval | Quando usare l&#8217;approccio bayesiano<\/p>\n\n\n\n<p><strong>20. <a href=\"https:\/\/www.gironi.it\/blog\/anomaly-detection\/\">Anomaly detection: come identificare valori anomali nei dati<\/a><\/strong><br>Perch\u00e9 riconoscere le anomalie \u00e8 il primo passo dell&#8217;analisi | Il dataset di lavoro: sessioni simulate con anomalie iniettate | Metodo 1: lo z-score e la regola empirica | Metodo 2: IQR e il metodo di Tukey | Metodo 3: il test di Grubbs e l&#8217;approccio iterativo | Confronto tra i tre metodi su un dataset di traffico web<\/p>\n\n\n\n<p><strong>21. <a class=\"rank-math-link\" href=\"https:\/\/www.gironi.it\/blog\/tabelle-di-contingenza-e-probabilita-condizionata\/\">Tabelle di contingenza e probabilit\u00e0 condizionata<\/a><\/strong><br>Tabelle a doppia entrata e distribuzioni marginali | La probabilit\u00e0 condizionata | Dipendenza e indipendenza | Esaminiamo l&#8217;indipendenza di variabili categoriche.<\/p>\n\n\n\n<p><strong>22. <a class=\"rank-math-link\" href=\"https:\/\/www.gironi.it\/blog\/il-test-del-chi-quadrato-bonta-di-adattamento-e-test-di-indipendenza\/\">Il test del chi quadrato: bont\u00e0 di adattamento e test di indipendenza<\/a><\/strong><br>Il Test della bont\u00e0 di adattamento (<em>Goodness of Fit<\/em>) | Capire attraverso un semplice esempio | Mi semplifico la vita usando una calcolatrice scientifica Casio | Uso R per il test della bont\u00e0 di adattamento | Il Test di Indipendenza | Il Test di indipendenza con la Casio| Il test di indipendenza con R.<\/p>\n\n\n\n<p><strong>23. <a href=\"https:\/\/www.gironi.it\/blog\/test-statistici-parametrici-e-non-parametrici\/\">Test statistici parametrici e non parametrici<\/a><\/strong><br>Test parametrici: il potere della normalit\u00e0 | Test non parametrici: versatilit\u00e0 e creativit\u00e0.<\/p>\n\n\n\n<p><strong>24. <a href=\"https:\/\/www.gironi.it\/blog\/lanalisi-della-varianza-anova-spiegata-semplice\/\" data-type=\"post\" data-id=\"2342\">L&#8217;analisi della varianza, Anova. Spiegata semplice<\/a><\/strong><br>Anova: un test di tipo parametrico | Perch\u00e8 Anova e non una serie di t-test? | Il caso pi\u00f9 semplice: Anova a una via | Il modo \u201cclassico\u201d (e un po&#8217; tedioso) di svolgere un test Anova: la tabella Anova | Quanta fatica\u2026 E&#8217; ora di sfruttare tutta la potenza di R<\/p>\n\n\n\n<p><strong>25. <a class=\"rank-math-link\" href=\"https:\/\/www.gironi.it\/blog\/indice-di-gini-come-calcolarlo\/\">L&#8217;indice di Gini: cos&#8217;\u00e8, perch\u00e8 \u00e8 importante, come calcolarlo in R<\/a><\/strong><br>La curva di Lorenz | Ma spiegarsi con un esempio chiaro? | La definizione dell&#8217;indice di concentrazione R | Calcoliamo il valore di R\u2026 in R! | E se non uso R? | Uno sguardo al valore dell&#8217;indice di Gini nel mondo, in Europa e in Italia.<\/p>\n\n\n\n<p><strong>26. <a class=\"rank-math-link\" href=\"https:\/\/www.gironi.it\/blog\/analisi-della-regressione-regressione-lineare-semplice\/\">Correlazione e analisi della regressione \u2013 la regressione lineare<\/a><\/strong><br> La Regressione semplice | Il coefficiente di correlazione di Pearson, R | Il coefficiente di determinazione R2 | Una digressione: il coefficiente di correlazione per ranghi di Spearman | Troviamo l&#8217;equazione di regressione | Valori anomali e punti di influenza |Le assunzioni del modello | Analisi dei residui | L&#8217;analisi di regressione: difficolt\u00e0 pratiche | Altri tipi di coefficienti di correlazione | Il coefficiente di correlazione punto-biseriale | Il coefficiente phi | Il coefficiente di correlazione per ranghi rho di Spearman (e un accenno al tau di Kendall).<\/p>\n\n\n\n<p><strong>27.<a href=\"https:\/\/www.gironi.it\/blog\/lanalisi-di-regressione-multipla-spiegata-semplice\" data-type=\"URL\" data-id=\"https:\/\/www.gironi.it\/blog\/lanalisi-di-regressione-multipla-spiegata-semplice\">L&#8217;analisi di regressione multipla, spiegata semplice<\/a><\/strong><br>L&#8217;equazione della regressione multipla | Quali informazioni posso ricavare? | Un po&#8217; di requisiti per cominciare | In pratica, come procedere? | Mettiamoci all&#8217;opera! | Bello, ma quanto \u00e8 buono il mio modello? | Sintesi finale<\/p>\n\n\n\n<p><strong>28. <a href=\"https:\/\/www.gironi.it\/blog\/come-prevedere-il-risultato-di-un-evento-la-regressione-logistica\/\">Come prevedere il risultato di un evento: la Regressione Logistica. <\/a><\/strong><br>Come funziona la regressione logistica e i passi per costruirla | Un esempio in R: calcolare la probabilit\u00e0 di sopravvivenza sul Titanic | Un po&#8217; di matematica: l&#8217;equazione logit | Tiriamo le somme | Risorse per approfondire<\/p>\n\n\n\n<p><strong>29. <a class=\"rank-math-link\" href=\"https:\/\/www.gironi.it\/blog\/analisi-delle-serie-storiche0-e-previsioni-di-serie-temporali-in-r-con-il-metodo-holt-winters\/\">Analisi delle serie storiche e previsioni di serie temporali in R <\/a><\/strong><br>Cosa si intende per serie storica, o serie temporale | Un po&#8217; di teoria. L&#8217;analisi classica delle serie temporali. La decomposizione di una serie storica | Le quattro componenti \u201cclassiche\u201d e il loro legame | Un breve ripasso: le utili propriet\u00e0 utili dei logaritmi | Creare una serie temporale in R partendo da un vettore o un data frame | Utili funzioni relative a una serie temporale | Disegnare una o pi\u00f9 serie storiche | Tecniche di lisciamento (<em>smoothing<\/em>) | Un esempio di uso delle serie storiche per il SEO | Limitare l&#8217;effetto della stagionalit\u00e0 attraverso le medie mobili | Elimino il trend stagionale usando la differenza | Decompongo la serie storica attraverso le medie mobili |Decompongo la serie con il metodo LOESS | Livellamento esponenziale con il metodo di <em>Holt-Winters<\/em> e previsione | Indagare le serie storiche con i modelli ARIMA | Il rumore bianco (<em>white noise<\/em>) | La passeggiata aleatoria (<em>random walk<\/em>) | Il modello ARIMA in azione | Vediamo un esempio pratico di modello ARIMA.<\/p>\n\n\n\n<p><strong>30. <a href=\"https:\/\/www.gironi.it\/blog\/multicollinearita-eteroschedasticita-autocorrelazione-tre-concetti-dai-nomi-difficili-spiegati-semplici\/\">Multicollinearit\u00e0, eteroschedasticit\u00e0, autocorrelazione: tre concetti dai nomi difficili (spiegati semplici)<\/a><\/strong><br>La multicollinearit\u00e0 | Come ridurre il problema? | Eteroschedasticit\u00e0 |Autocorrelazione | Ma come faccio a verificare la presenza di autocorrelazione?<\/p>\n\n\n\n<p><strong>31.<\/strong> <a href=\"https:\/\/www.gironi.it\/blog\/capire-i-concetti-di-base-del-machine-learning-una-guida-per-i-principianti\/\"><strong>Capire i concetti di base del Machine Learning: una guida per principianti<\/strong><\/a><br>Introduzione | Cos&#8217;\u00e8 il Machine Learning | Tipi di Machine Learning: Machine Learning supervisionato e non supervisionato | Le fasi principali del processo di utilizzo del Machine Learning | Come iniziare ad apprendere il Machine Learning: tutorial e risorse | Sperimentare con il codice: Jupyter Lab e Google Colab<\/p>\n","protected":false},"excerpt":{"rendered":"<p>Nel corso del tempo, ho deciso di scrivere una serie di post che spero possano servire da introduzione ai principali temi &#8220;di base&#8221; nel campo della statistica descrittiva e dell&#8217;analisi delle serie storiche. Li raggruppo qui in modo che possano costituire un percorso, un modo per intraprendere un cammino che spero stimolante. Statistica e SEO. &hellip; <a href=\"https:\/\/www.gironi.it\/blog\/statistica-e-seo\/\" class=\"more-link\">Leggi tutto<span class=\"screen-reader-text\"> &#8220;Statistica e SEO&#8221;<\/span><\/a><\/p>\n","protected":false},"author":1,"featured_media":0,"parent":0,"menu_order":0,"comment_status":"closed","ping_status":"closed","template":"","meta":{"_uag_custom_page_level_css":"","footnotes":""},"class_list":["post-1981","page","type-page","status-publish","hentry"],"uagb_featured_image_src":{"full":false,"thumbnail":false,"medium":false,"medium_large":false,"large":false,"1536x1536":false,"2048x2048":false,"post-thumbnail":false},"uagb_author_info":{"display_name":"paolo","author_link":"https:\/\/www.gironi.it\/blog\/author\/paolo\/"},"uagb_comment_info":0,"uagb_excerpt":"Nel corso del tempo, ho deciso di scrivere una serie di post che spero possano servire da introduzione ai principali temi &#8220;di base&#8221; nel campo della statistica descrittiva e dell&#8217;analisi delle serie storiche. Li raggruppo qui in modo che possano costituire un percorso, un modo per intraprendere un cammino che spero stimolante. Statistica e SEO.&hellip;","_links":{"self":[{"href":"https:\/\/www.gironi.it\/blog\/wp-json\/wp\/v2\/pages\/1981","targetHints":{"allow":["GET"]}}],"collection":[{"href":"https:\/\/www.gironi.it\/blog\/wp-json\/wp\/v2\/pages"}],"about":[{"href":"https:\/\/www.gironi.it\/blog\/wp-json\/wp\/v2\/types\/page"}],"author":[{"embeddable":true,"href":"https:\/\/www.gironi.it\/blog\/wp-json\/wp\/v2\/users\/1"}],"replies":[{"embeddable":true,"href":"https:\/\/www.gironi.it\/blog\/wp-json\/wp\/v2\/comments?post=1981"}],"version-history":[{"count":5,"href":"https:\/\/www.gironi.it\/blog\/wp-json\/wp\/v2\/pages\/1981\/revisions"}],"predecessor-version":[{"id":3566,"href":"https:\/\/www.gironi.it\/blog\/wp-json\/wp\/v2\/pages\/1981\/revisions\/3566"}],"wp:attachment":[{"href":"https:\/\/www.gironi.it\/blog\/wp-json\/wp\/v2\/media?parent=1981"}],"curies":[{"name":"wp","href":"https:\/\/api.w.org\/{rel}","templated":true}]}}